{"id":21730,"date":"2024-06-20T19:00:15","date_gmt":"2024-06-20T17:00:15","guid":{"rendered":"https:\/\/fnege.org\/privacy-policy\/"},"modified":"2024-06-20T19:00:15","modified_gmt":"2024-06-20T17:00:15","slug":"privacy-policy","status":"publish","type":"page","link":"https:\/\/fnege.org\/en\/privacy-policy\/","title":{"rendered":"Privacy policy"},"content":{"rendered":"\t\t<div data-elementor-type=\"wp-page\" data-elementor-id=\"21730\" class=\"elementor elementor-21730 elementor-1811\" data-elementor-post-type=\"page\">\n\t\t\t\t\t\t<section class=\"elementor-section elementor-top-section elementor-element elementor-element-3f8f2113 elementor-section-boxed elementor-section-height-default elementor-section-height-default\" data-id=\"3f8f2113\" data-element_type=\"section\">\n\t\t\t\t\t\t<div class=\"elementor-container elementor-column-gap-default\">\n\t\t\t\t\t<div class=\"elementor-column elementor-col-66 elementor-top-column elementor-element elementor-element-51512f5a\" data-id=\"51512f5a\" data-element_type=\"column\">\n\t\t\t<div class=\"elementor-widget-wrap elementor-element-populated\">\n\t\t\t\t\t\t<div class=\"elementor-element elementor-element-53d408e2 elementor-widget elementor-widget-breadcrumbs\" data-id=\"53d408e2\" data-element_type=\"widget\" data-widget_type=\"breadcrumbs.default\">\n\t\t\t\t<div class=\"elementor-widget-container\">\n\t\t\t\t\t<p id=\"breadcrumbs\"><span><span><a href=\"https:\/\/fnege.org\/\">Accueil<\/a><\/span><\/span><\/p>\t\t\t\t<\/div>\n\t\t\t\t<\/div>\n\t\t\t\t<section class=\"elementor-section elementor-inner-section elementor-element elementor-element-372c5bde elementor-section-boxed elementor-section-height-default elementor-section-height-default\" data-id=\"372c5bde\" data-element_type=\"section\">\n\t\t\t\t\t\t<div class=\"elementor-container elementor-column-gap-default\">\n\t\t\t\t\t<div class=\"elementor-column elementor-col-100 elementor-inner-column elementor-element elementor-element-d12a611\" data-id=\"d12a611\" data-element_type=\"column\" data-settings=\"{&quot;background_background&quot;:&quot;classic&quot;}\">\n\t\t\t<div class=\"elementor-widget-wrap elementor-element-populated\">\n\t\t\t\t\t\t<div class=\"elementor-element elementor-element-f89e80 elementor-widget__width-auto elementor-widget elementor-widget-heading\" data-id=\"f89e80\" data-element_type=\"widget\" data-widget_type=\"heading.default\">\n\t\t\t\t<div class=\"elementor-widget-container\">\n\t\t\t\t\t<h1 class=\"elementor-heading-title elementor-size-default\">Privacy policy<\/h1>\t\t\t\t<\/div>\n\t\t\t\t<\/div>\n\t\t\t\t\t<\/div>\n\t\t<\/div>\n\t\t\t\t\t<\/div>\n\t\t<\/section>\n\t\t\t\t<div class=\"elementor-element elementor-element-5c4af910 elementor-widget elementor-widget-text-editor\" data-id=\"5c4af910\" data-element_type=\"widget\" data-widget_type=\"text-editor.default\">\n\t\t\t\t<div class=\"elementor-widget-container\">\n\t\t\t\t\t\t\t\t\t<p>La Fondation Nationale pour l&#8217;Enseignement de la Gestion des Entreprises (FNEGE) est \u00e9diteur du site Web <a href=\"https:\/\/fnege.org\" target=\"_blank\" rel=\"noopener\">https:\/\/fnege.org<\/a> , pour plus de d\u00e9tails consultez notre page <a href=\"https:\/\/fnege.org\/en\/legal-notice\/\" target=\"_blank\" rel=\"noopener\">Mentions L\u00e9gales<\/a>.<\/p>\r\n<p>Nous collectons des donn\u00e9es personnelles pour pouvoir vous r\u00e9pondre directement et le plus pr\u00e9cis\u00e9ment possible lorsque vous nous contactez \u00e0 l\u2019aide d&#8217;un des formulaires de ce site Web.<\/p>\r\n<p>Les donn\u00e9es personnelles recueillies sont trait\u00e9es selon des protocoles s\u00e9curis\u00e9s et permettent \u00e0 la FNEGE de g\u00e9rer les demandes re\u00e7ues par email dans ses applications informatiques. Les donn\u00e9es personnelles sont stock\u00e9es sur notre serveur pour les besoins de traitement et sur notre plateforme CRM Oscar Campus lorsque vous demandez \u00e0 recevoir des informations sur nos activit\u00e9s (Newsletter, courriels d&#8217;information). Sauf indication contraire, elles ne sont utilis\u00e9es que par la FNEGE.<\/p>\r\n<h2>&nbsp;<\/h2>\r\n<h2>Exercer vos droits<\/h2>\r\n<p>Pour toute information ou exercice de vos droits (relecture, modification, suppression) sur <a href=\"https:\/\/www.cnil.fr\/fr\/les-droits-pour-maitriser-vos-donnees-personnelles\" target=\"_blank\" rel=\"noopener\">les traitements de donn\u00e9es personnelles<\/a> (loi RGPD), vous pouvez contacter notre D\u00e9l\u00e9gu\u00e9 \u00e0 la Protection des donn\u00e9es (DPO) :<\/p>\r\n<p>par le formulaire de contact en pr\u00e9cisant l\u2019objet et \u00e0 l\u2019attention du <strong>D\u00e9l\u00e9gu\u00e9 \u00e0 la Protection des Donn\u00e9es<\/strong><br>ou par courrier \u00e0 l\u2019adresse postale ci-dessous :<\/p>\r\n<p>FNEGE : 2 avenue Hoche &#8211; 75008 PARIS &#8211; <span style=\"color: var( --e-global-color-text ); font-family: var( --e-global-typography-text-font-family ), Sans-serif; font-size: var( --e-global-typography-text-font-size ); font-weight: var( --e-global-typography-text-font-weight );\">France &nbsp;&nbsp; &nbsp;&nbsp; &nbsp;&nbsp; &nbsp;&nbsp; &nbsp;&nbsp; &nbsp;&nbsp; &nbsp;&nbsp; &nbsp;&nbsp; <\/span><span style=\"color: var( --e-global-color-text ); font-family: var( --e-global-typography-text-font-family ), Sans-serif; font-size: var( --e-global-typography-text-font-size ); font-weight: var( --e-global-typography-text-font-weight );\"><a href=\"mailto:info@fnege.fr\">info@fnege.fr<\/a><\/span><\/p>\r\n<p>Pour en savoir plus sur ce sujet, consultez <a href=\"https:\/\/www.cnil.fr\/fr\" target=\"_blank\" rel=\"noopener\">le site de la CNIL<\/a><\/p>\r\n<p><\/p>\r\n<h2>A propos des cookies<\/h2>\r\n<p>Nous utilisons diff\u00e9rents cookies sur le site pour am\u00e9liorer l\u2019interactivit\u00e9 du site et nos services. Vous pouvez consulter notre <a href=\"https:\/\/fnege.org\/cookies\/\" target=\"_blank\" rel=\"noopener\">politique des cookies sur cette page<\/a>.<\/p>\r\n<p>Vous pouvez g\u00e9rer votre consentement aux cookies \u00e0 l&#8217;aide de la fen\u00eatre popup qui apparait lors de votre premi\u00e8re connexion ou \u00e0 l&#8217;aide de la languette situ\u00e9e en bas \u00e0 droite de la fen\u00eatre de votre navigateur.<\/p>\t\t\t\t\t\t\t\t<\/div>\n\t\t\t\t<\/div>\n\t\t\t\t<div class=\"elementor-element elementor-element-66226b2 elementor-widget elementor-widget-spacer\" data-id=\"66226b2\" data-element_type=\"widget\" data-widget_type=\"spacer.default\">\n\t\t\t\t<div class=\"elementor-widget-container\">\n\t\t\t\t\t\t\t<div class=\"elementor-spacer\">\n\t\t\t<div class=\"elementor-spacer-inner\"><\/div>\n\t\t<\/div>\n\t\t\t\t\t\t<\/div>\n\t\t\t\t<\/div>\n\t\t\t\t\t<\/div>\n\t\t<\/div>\n\t\t\t\t<div class=\"elementor-column elementor-col-33 elementor-top-column elementor-element elementor-element-2d63b61d\" data-id=\"2d63b61d\" data-element_type=\"column\">\n\t\t\t<div class=\"elementor-widget-wrap elementor-element-populated\">\n\t\t\t\t\t\t<section class=\"elementor-section elementor-inner-section elementor-element elementor-element-2a00ee6 elementor-section-boxed elementor-section-height-default elementor-section-height-default\" data-id=\"2a00ee6\" data-element_type=\"section\">\n\t\t\t\t\t\t<div class=\"elementor-container elementor-column-gap-default\">\n\t\t\t\t\t<div class=\"elementor-column elementor-col-100 elementor-inner-column elementor-element elementor-element-3fa89947\" data-id=\"3fa89947\" data-element_type=\"column\" data-settings=\"{&quot;background_background&quot;:&quot;classic&quot;}\">\n\t\t\t<div class=\"elementor-widget-wrap elementor-element-populated\">\n\t\t\t\t\t\t<div class=\"elementor-element elementor-element-2228c4c3 elementor-widget__width-auto elementor-widget elementor-widget-heading\" data-id=\"2228c4c3\" data-element_type=\"widget\" data-widget_type=\"heading.default\">\n\t\t\t\t<div class=\"elementor-widget-container\">\n\t\t\t\t\t<h2 class=\"elementor-heading-title elementor-size-default\">Actualit\u00e9s R\u00e9seau<\/h2>\t\t\t\t<\/div>\n\t\t\t\t<\/div>\n\t\t\t\t\t<\/div>\n\t\t<\/div>\n\t\t\t\t\t<\/div>\n\t\t<\/section>\n\t\t\t\t<div class=\"elementor-element elementor-element-41cf967b elementor-grid-1 elementor-grid-tablet-1 elementor-posts--thumbnail-top elementor-grid-mobile-1 elementor-widget elementor-widget-posts\" data-id=\"41cf967b\" data-element_type=\"widget\" data-settings=\"{&quot;custom_columns&quot;:&quot;1&quot;,&quot;custom_columns_tablet&quot;:&quot;1&quot;,&quot;custom_columns_mobile&quot;:&quot;1&quot;,&quot;custom_row_gap&quot;:{&quot;unit&quot;:&quot;px&quot;,&quot;size&quot;:35,&quot;sizes&quot;:[]},&quot;custom_row_gap_tablet&quot;:{&quot;unit&quot;:&quot;px&quot;,&quot;size&quot;:&quot;&quot;,&quot;sizes&quot;:[]},&quot;custom_row_gap_mobile&quot;:{&quot;unit&quot;:&quot;px&quot;,&quot;size&quot;:&quot;&quot;,&quot;sizes&quot;:[]}}\" data-widget_type=\"posts.custom\">\n\t\t\t\t<div class=\"elementor-widget-container\">\n\t\t\t\t\t      <div class=\"ecs-posts elementor-posts-container elementor-posts   elementor-grid elementor-posts--skin-custom\" data-settings=\"{&quot;current_page&quot;:1,&quot;max_num_pages&quot;:&quot;5&quot;,&quot;load_method&quot;:&quot;&quot;,&quot;widget_id&quot;:&quot;41cf967b&quot;,&quot;post_id&quot;:21730,&quot;theme_id&quot;:21730,&quot;change_url&quot;:false,&quot;reinit_js&quot;:false}\">\n      \t\t<article id=\"post-80799\" class=\"elementor-post elementor-grid-item ecs-post-loop post-80799 appel_communication type-appel_communication status-publish has-post-thumbnail hentry thematiques-comptabilite-et-audit thematiques-developpement-durable-et-rse thematiques-finance-dentreprise-et-finance-de-marche thematiques-sciences-de-gestion thematiques-transformations-numeriques-et-gouvernance-des-organisations\">\n\t\t\t\t<div data-elementor-type=\"loop\" data-elementor-id=\"12184\" class=\"elementor elementor-12184 elementor-349 post-80799 appel_communication type-appel_communication status-publish has-post-thumbnail hentry thematiques-comptabilite-et-audit thematiques-developpement-durable-et-rse thematiques-finance-dentreprise-et-finance-de-marche thematiques-sciences-de-gestion thematiques-transformations-numeriques-et-gouvernance-des-organisations\" data-elementor-post-type=\"elementor_library\">\n\t\t\t<style>#post-80799 .elementor-12184 .elementor-element.elementor-element-c001464:not(.elementor-motion-effects-element-type-background), #post-80799 .elementor-12184 .elementor-element.elementor-element-c001464 > .elementor-motion-effects-container > .elementor-motion-effects-layer{background-image: url(\"https:\/\/fnege.org\/wp-content\/uploads\/2022\/04\/newspapers-table-scaled.jpg\");}<\/style>\t\t<section class=\"elementor-section elementor-top-section elementor-element elementor-element-c001464 elementor-section-height-min-height elementor-section-items-stretch elementor-section-content-bottom encart elementor-section-boxed elementor-section-height-default\" data-id=\"c001464\" data-element_type=\"section\" data-settings=\"{&quot;background_background&quot;:&quot;classic&quot;}\">\n\t\t\t\t\t\t\t<div class=\"elementor-background-overlay\"><\/div>\n\t\t\t\t\t\t\t<div class=\"elementor-container elementor-column-gap-default\">\n\t\t\t\t\t<div class=\"make-column-clickable-elementor elementor-column elementor-col-100 elementor-top-column elementor-element elementor-element-9f2a3e8\" style=\"cursor: pointer;\" data-column-clickable=\"https:\/\/fnege.org\/en\/appel_communication\/conference-internationale-de-la-gouvernance-et-de-la-durabilite-cigd-2026\/\" data-column-clickable-blank=\"_self\" data-id=\"9f2a3e8\" data-element_type=\"column\" data-settings=\"{&quot;background_background&quot;:&quot;classic&quot;}\">\n\t\t\t<div class=\"elementor-widget-wrap elementor-element-populated\">\n\t\t\t\t\t<div class=\"elementor-background-overlay\"><\/div>\n\t\t\t\t<!-- dce invisible element 2ba5d71 --><!-- dce invisible element 4253d28 -->\t\t<div class=\"dce-visibility-event elementor-element elementor-element-857dabd elementor-widget__width-auto elementor-widget elementor-widget-post-info\" data-id=\"857dabd\" data-element_type=\"widget\" data-settings=\"{&quot;enabled_visibility&quot;:&quot;yes&quot;,&quot;dce_visibility_selected&quot;:&quot;yes&quot;}\" data-widget_type=\"post-info.default\">\n\t\t\t\t<div class=\"elementor-widget-container\">\n\t\t\t\t\t\t\t<ul class=\"elementor-inline-items elementor-icon-list-items elementor-post-info\">\n\t\t\t\t\t\t\t\t<li class=\"elementor-icon-list-item elementor-repeater-item-3e022af elementor-inline-item\">\n\t\t\t\t\t\t\t\t\t\t\t\t\t<span class=\"elementor-icon-list-text elementor-post-info__item elementor-post-info__item--type-custom\">\n\t\t\t\t\t\t\t\t\t\tCalls for papers\t\t\t\t\t<\/span>\n\t\t\t\t\t\t\t\t<\/li>\n\t\t\t\t<\/ul>\n\t\t\t\t\t\t<\/div>\n\t\t\t\t<\/div>\n\t\t<!-- dce invisible element 677e495 --><!-- dce invisible element c738335 --><!-- dce invisible element 4439d9b -->\t\t<div class=\"elementor-element elementor-element-6541b96 elementor-widget__width-auto elementor-widget elementor-widget-heading\" data-id=\"6541b96\" data-element_type=\"widget\" data-widget_type=\"heading.default\">\n\t\t\t\t<div class=\"elementor-widget-container\">\n\t\t\t\t\t<span class=\"elementor-heading-title elementor-size-default\">20 April 2026<\/span>\t\t\t\t<\/div>\n\t\t\t\t<\/div>\n\t\t\t\t<div class=\"elementor-element elementor-element-fcef835 elementor-widget elementor-widget-heading\" data-id=\"fcef835\" data-element_type=\"widget\" data-widget_type=\"heading.default\">\n\t\t\t\t<div class=\"elementor-widget-container\">\n\t\t\t\t\t<h3 class=\"elementor-heading-title elementor-size-default\">Conf\u00e9rence Internationale de la Gouvernance et de la Durabilit\u00e9 CIGD 2026<\/h3>\t\t\t\t<\/div>\n\t\t\t\t<\/div>\n\t\t\t\t\t<\/div>\n\t\t<\/div>\n\t\t\t\t\t<\/div>\n\t\t<\/section>\n\t\t\t\t<\/div>\n\t\t\t\t<\/article>\n\t\t\t\t<article id=\"post-80608\" class=\"elementor-post elementor-grid-item ecs-post-loop post-80608 appel_communication type-appel_communication status-publish has-post-thumbnail hentry thematiques-economie-et-gestion\">\n\t\t\t\t<div data-elementor-type=\"loop\" data-elementor-id=\"12184\" class=\"elementor elementor-12184 elementor-349 post-80608 appel_communication type-appel_communication status-publish has-post-thumbnail hentry thematiques-economie-et-gestion\" data-elementor-post-type=\"elementor_library\">\n\t\t\t<style>#post-80608 .elementor-12184 .elementor-element.elementor-element-c001464:not(.elementor-motion-effects-element-type-background), #post-80608 .elementor-12184 .elementor-element.elementor-element-c001464 > .elementor-motion-effects-container > .elementor-motion-effects-layer{background-image: url(\"https:\/\/fnege.org\/wp-content\/uploads\/2026\/04\/Capture-decran-2026-04-07-a-09.35.57.png\");}<\/style>\t\t<section class=\"elementor-section elementor-top-section elementor-element elementor-element-c001464 elementor-section-height-min-height elementor-section-items-stretch elementor-section-content-bottom encart elementor-section-boxed elementor-section-height-default\" data-id=\"c001464\" data-element_type=\"section\" data-settings=\"{&quot;background_background&quot;:&quot;classic&quot;}\">\n\t\t\t\t\t\t\t<div class=\"elementor-background-overlay\"><\/div>\n\t\t\t\t\t\t\t<div class=\"elementor-container elementor-column-gap-default\">\n\t\t\t\t\t<div class=\"make-column-clickable-elementor elementor-column elementor-col-100 elementor-top-column elementor-element elementor-element-9f2a3e8\" style=\"cursor: pointer;\" data-column-clickable=\"https:\/\/fnege.org\/en\/appel_communication\/colloque-international-innovation-et-transformations-organisationnelles-ito26\/\" data-column-clickable-blank=\"_self\" data-id=\"9f2a3e8\" data-element_type=\"column\" data-settings=\"{&quot;background_background&quot;:&quot;classic&quot;}\">\n\t\t\t<div class=\"elementor-widget-wrap elementor-element-populated\">\n\t\t\t\t\t<div class=\"elementor-background-overlay\"><\/div>\n\t\t\t\t<!-- dce invisible element 2ba5d71 --><!-- dce invisible element 4253d28 -->\t\t<div class=\"dce-visibility-event elementor-element elementor-element-857dabd elementor-widget__width-auto elementor-widget elementor-widget-post-info\" data-id=\"857dabd\" data-element_type=\"widget\" data-settings=\"{&quot;enabled_visibility&quot;:&quot;yes&quot;,&quot;dce_visibility_selected&quot;:&quot;yes&quot;}\" data-widget_type=\"post-info.default\">\n\t\t\t\t<div class=\"elementor-widget-container\">\n\t\t\t\t\t\t\t<ul class=\"elementor-inline-items elementor-icon-list-items elementor-post-info\">\n\t\t\t\t\t\t\t\t<li class=\"elementor-icon-list-item elementor-repeater-item-3e022af elementor-inline-item\">\n\t\t\t\t\t\t\t\t\t\t\t\t\t<span class=\"elementor-icon-list-text elementor-post-info__item elementor-post-info__item--type-custom\">\n\t\t\t\t\t\t\t\t\t\tCalls for papers\t\t\t\t\t<\/span>\n\t\t\t\t\t\t\t\t<\/li>\n\t\t\t\t<\/ul>\n\t\t\t\t\t\t<\/div>\n\t\t\t\t<\/div>\n\t\t<!-- dce invisible element 677e495 --><!-- dce invisible element c738335 --><!-- dce invisible element 4439d9b -->\t\t<div class=\"elementor-element elementor-element-6541b96 elementor-widget__width-auto elementor-widget elementor-widget-heading\" data-id=\"6541b96\" data-element_type=\"widget\" data-widget_type=\"heading.default\">\n\t\t\t\t<div class=\"elementor-widget-container\">\n\t\t\t\t\t<span class=\"elementor-heading-title elementor-size-default\">07 April 2026<\/span>\t\t\t\t<\/div>\n\t\t\t\t<\/div>\n\t\t\t\t<div class=\"elementor-element elementor-element-fcef835 elementor-widget elementor-widget-heading\" data-id=\"fcef835\" data-element_type=\"widget\" data-widget_type=\"heading.default\">\n\t\t\t\t<div class=\"elementor-widget-container\">\n\t\t\t\t\t<h3 class=\"elementor-heading-title elementor-size-default\">Colloque international : innovation et transformations organisationnelles (ITO&#8217;26)<\/h3>\t\t\t\t<\/div>\n\t\t\t\t<\/div>\n\t\t\t\t\t<\/div>\n\t\t<\/div>\n\t\t\t\t\t<\/div>\n\t\t<\/section>\n\t\t\t\t<\/div>\n\t\t\t\t<\/article>\n\t\t\t\t<\/div>\n\t\t\t\t\t\t<\/div>\n\t\t\t\t<\/div>\n\t\t\t\t\t<\/div>\n\t\t<\/div>\n\t\t\t\t\t<\/div>\n\t\t<\/section>\n\t\t\t\t<\/div>\n\t\t","protected":false},"excerpt":{"rendered":"<p>La Fondation Nationale pour l&#8217;Enseignement de la Gestion des Entreprises (FNEGE) est \u00e9diteur du site Web https:\/\/fnege.org , pour plus de d\u00e9tails consultez notre page Mentions L\u00e9gales. Nous collectons des donn\u00e9es personnelles pour pouvoir vous r\u00e9pondre directement et le plus pr\u00e9cis\u00e9ment possible lorsque vous nous contactez \u00e0 l\u2019aide d&#8217;un des formulaires de ce site Web. [&hellip;]<\/p>\n","protected":false},"author":1,"featured_media":0,"parent":0,"menu_order":0,"comment_status":"closed","ping_status":"closed","template":"","meta":{"_acf_changed":false,"inline_featured_image":false,"footnotes":""},"class_list":["post-21730","page","type-page","status-publish","hentry"],"acf":[],"publishpress_future_action":{"enabled":false,"date":"2026-04-30 02:04:21","action":"change-status","newStatus":"draft","terms":[],"taxonomy":"translation_priority","extraData":[]},"publishpress_future_workflow_manual_trigger":{"enabledWorkflows":[]},"_links":{"self":[{"href":"https:\/\/fnege.org\/en\/wp-json\/wp\/v2\/pages\/21730","targetHints":{"allow":["GET"]}}],"collection":[{"href":"https:\/\/fnege.org\/en\/wp-json\/wp\/v2\/pages"}],"about":[{"href":"https:\/\/fnege.org\/en\/wp-json\/wp\/v2\/types\/page"}],"author":[{"embeddable":true,"href":"https:\/\/fnege.org\/en\/wp-json\/wp\/v2\/users\/1"}],"replies":[{"embeddable":true,"href":"https:\/\/fnege.org\/en\/wp-json\/wp\/v2\/comments?post=21730"}],"version-history":[{"count":0,"href":"https:\/\/fnege.org\/en\/wp-json\/wp\/v2\/pages\/21730\/revisions"}],"wp:attachment":[{"href":"https:\/\/fnege.org\/en\/wp-json\/wp\/v2\/media?parent=21730"}],"curies":[{"name":"wp","href":"https:\/\/api.w.org\/{rel}","templated":true}]}}