{"id":11764,"date":"2022-11-23T00:45:45","date_gmt":"2022-11-22T22:45:45","guid":{"rendered":"https:\/\/fnege.org\/?page_id=11764"},"modified":"2025-01-02T13:00:26","modified_gmt":"2025-01-02T11:00:26","slug":"business-circle","status":"publish","type":"page","link":"https:\/\/fnege.org\/en\/business-circle\/","title":{"rendered":"FNEGE Business Club"},"content":{"rendered":"\t\t<div data-elementor-type=\"wp-page\" data-elementor-id=\"11764\" class=\"elementor elementor-11764 elementor-1423\" data-elementor-post-type=\"page\">\n\t\t\t\t\t\t<section class=\"elementor-section elementor-top-section elementor-element elementor-element-712dc10f elementor-section-boxed elementor-section-height-default elementor-section-height-default\" data-id=\"712dc10f\" data-element_type=\"section\">\n\t\t\t\t\t\t<div class=\"elementor-container elementor-column-gap-default\">\n\t\t\t\t\t<div class=\"elementor-column elementor-col-66 elementor-top-column elementor-element elementor-element-1d73393a\" data-id=\"1d73393a\" data-element_type=\"column\">\n\t\t\t<div class=\"elementor-widget-wrap elementor-element-populated\">\n\t\t\t\t\t\t<div class=\"elementor-element elementor-element-c3e642d elementor-widget elementor-widget-woocommerce-breadcrumb\" data-id=\"c3e642d\" data-element_type=\"widget\" data-widget_type=\"woocommerce-breadcrumb.default\">\n\t\t\t\t<div class=\"elementor-widget-container\">\n\t\t\t\t\t<nav class=\"woocommerce-breadcrumb\" aria-label=\"Breadcrumb\">Home<\/nav>\t\t\t\t<\/div>\n\t\t\t\t<\/div>\n\t\t\t\t<section class=\"elementor-section elementor-inner-section elementor-element elementor-element-42a33c04 elementor-section-full_width elementor-section-height-default elementor-section-height-default\" data-id=\"42a33c04\" data-element_type=\"section\">\n\t\t\t\t\t\t<div class=\"elementor-container elementor-column-gap-default\">\n\t\t\t\t\t<div class=\"elementor-column elementor-col-100 elementor-inner-column elementor-element elementor-element-17009e90\" data-id=\"17009e90\" data-element_type=\"column\" data-settings=\"{&quot;background_background&quot;:&quot;classic&quot;}\">\n\t\t\t<div class=\"elementor-widget-wrap elementor-element-populated\">\n\t\t\t\t\t\t<div class=\"elementor-element elementor-element-7881df49 elementor-widget__width-auto elementor-widget elementor-widget-heading\" data-id=\"7881df49\" data-element_type=\"widget\" data-widget_type=\"heading.default\">\n\t\t\t\t<div class=\"elementor-widget-container\">\n\t\t\t\t\t<h1 class=\"elementor-heading-title elementor-size-default\">FNEGE Business Club<\/h1>\t\t\t\t<\/div>\n\t\t\t\t<\/div>\n\t\t\t\t\t<\/div>\n\t\t<\/div>\n\t\t\t\t\t<\/div>\n\t\t<\/section>\n\t\t\t\t<div class=\"elementor-element elementor-element-1850e63e elementor-widget elementor-widget-text-editor\" data-id=\"1850e63e\" data-element_type=\"widget\" data-widget_type=\"text-editor.default\">\n\t\t\t\t<div class=\"elementor-widget-container\">\n\t\t\t\t\t\t\t\t\t<p>The FNEGE Business Club brings together companies and organizations that are interested in management science teaching and research in France.<\/p><p>The FNEGE Business Club is a think tank for management teaching and research. It constitutes a place for discussion and cooperation between the business world and the academic world.<\/p><p>The aim of the Club is to:<\/p><ul><li>Bring the academic and professional worlds closer together<\/li><li>Leverage French management research to boost innovation for companies<\/li><\/ul><p>\u00a0<\/p><p>Benefits of being a member of the FNEGE Business Club:<\/p><ul><li>Staying up to date with the latest trends in French research on business administration and management science by receiving FNEGE publications and news.<\/li><li>Finding specialists and guest speakers in the field of management (marketing, finance, accounting, human resources, CSR, etc.) for conferences, training programs, presentations in companies.<\/li><li>Co-constructing specific projects on current managerial issues (employer&#8217;s brand, diversity, new forms of working, impacts, etc.).<\/li><\/ul>\t\t\t\t\t\t\t\t<\/div>\n\t\t\t\t<\/div>\n\t\t\t\t<div class=\"elementor-element elementor-element-327a043 elementor-widget elementor-widget-spacer\" data-id=\"327a043\" data-element_type=\"widget\" data-widget_type=\"spacer.default\">\n\t\t\t\t<div class=\"elementor-widget-container\">\n\t\t\t\t\t\t\t<div class=\"elementor-spacer\">\n\t\t\t<div class=\"elementor-spacer-inner\"><\/div>\n\t\t<\/div>\n\t\t\t\t\t\t<\/div>\n\t\t\t\t<\/div>\n\t\t\t\t<section class=\"elementor-section elementor-inner-section elementor-element elementor-element-164db30a elementor-section-full_width elementor-section-height-default elementor-section-height-default\" data-id=\"164db30a\" data-element_type=\"section\">\n\t\t\t\t\t\t<div class=\"elementor-container elementor-column-gap-default\">\n\t\t\t\t\t<div class=\"elementor-column elementor-col-33 elementor-inner-column elementor-element elementor-element-cab06\" data-id=\"cab06\" data-element_type=\"column\">\n\t\t\t<div class=\"elementor-widget-wrap elementor-element-populated\">\n\t\t\t\t\t\t<div class=\"elementor-element elementor-element-228a3667 elementor-widget elementor-widget-heading\" data-id=\"228a3667\" data-element_type=\"widget\" data-widget_type=\"heading.default\">\n\t\t\t\t<div class=\"elementor-widget-container\">\n\t\t\t\t\t<span class=\"elementor-heading-title elementor-size-default\">Contact FNEGE<\/span>\t\t\t\t<\/div>\n\t\t\t\t<\/div>\n\t\t\t\t<div class=\"elementor-element elementor-element-5afe07c6 elementor-widget elementor-widget-text-editor\" data-id=\"5afe07c6\" data-element_type=\"widget\" data-widget_type=\"text-editor.default\">\n\t\t\t\t<div class=\"elementor-widget-container\">\n\t\t\t\t\t\t\t\t\t<p><strong><a href=\"mailto:fourcade@fnege.fr\" target=\"_blank\" rel=\"noopener\">Val\u00e9rie FOURCADE<\/a><\/strong><\/p><p>Tel. : <a href=\"tel:+33144299360\" target=\"_blank\" rel=\"noopener\">01 44 29 93 72<\/a>\u00a0<\/p>\t\t\t\t\t\t\t\t<\/div>\n\t\t\t\t<\/div>\n\t\t\t\t\t<\/div>\n\t\t<\/div>\n\t\t\t\t<div class=\"elementor-column elementor-col-33 elementor-inner-column elementor-element elementor-element-180f5e64\" data-id=\"180f5e64\" data-element_type=\"column\">\n\t\t\t<div class=\"elementor-widget-wrap\">\n\t\t\t\t\t\t\t<\/div>\n\t\t<\/div>\n\t\t\t\t<div class=\"elementor-column elementor-col-33 elementor-inner-column elementor-element elementor-element-61029313\" data-id=\"61029313\" data-element_type=\"column\">\n\t\t\t<div class=\"elementor-widget-wrap\">\n\t\t\t\t\t\t\t<\/div>\n\t\t<\/div>\n\t\t\t\t\t<\/div>\n\t\t<\/section>\n\t\t\t\t<div class=\"elementor-element elementor-element-66d608f5 elementor-widget elementor-widget-spacer\" data-id=\"66d608f5\" data-element_type=\"widget\" data-widget_type=\"spacer.default\">\n\t\t\t\t<div class=\"elementor-widget-container\">\n\t\t\t\t\t\t\t<div class=\"elementor-spacer\">\n\t\t\t<div class=\"elementor-spacer-inner\"><\/div>\n\t\t<\/div>\n\t\t\t\t\t\t<\/div>\n\t\t\t\t<\/div>\n\t\t\t\t<div class=\"elementor-element elementor-element-5130c12f elementor-widget elementor-widget-heading\" data-id=\"5130c12f\" data-element_type=\"widget\" data-widget_type=\"heading.default\">\n\t\t\t\t<div class=\"elementor-widget-container\">\n\t\t\t\t\t<h2 class=\"elementor-heading-title elementor-size-default\">Members of the FNEGE Business Club<\/h2>\t\t\t\t<\/div>\n\t\t\t\t<\/div>\n\t\t\t\t<div class=\"elementor-element elementor-element-3536531e elementor-grid-4 elementor-posts--thumbnail-top elementor-grid-tablet-2 elementor-grid-mobile-1 elementor-widget elementor-widget-posts\" data-id=\"3536531e\" data-element_type=\"widget\" data-settings=\"{&quot;custom_columns&quot;:&quot;4&quot;,&quot;custom_columns_tablet&quot;:&quot;2&quot;,&quot;custom_columns_mobile&quot;:&quot;1&quot;,&quot;custom_row_gap&quot;:{&quot;unit&quot;:&quot;px&quot;,&quot;size&quot;:35,&quot;sizes&quot;:[]},&quot;custom_row_gap_tablet&quot;:{&quot;unit&quot;:&quot;px&quot;,&quot;size&quot;:&quot;&quot;,&quot;sizes&quot;:[]},&quot;custom_row_gap_mobile&quot;:{&quot;unit&quot;:&quot;px&quot;,&quot;size&quot;:&quot;&quot;,&quot;sizes&quot;:[]}}\" data-widget_type=\"posts.custom\">\n\t\t\t\t<div class=\"elementor-widget-container\">\n\t\t\t\t\t      <div class=\"ecs-posts elementor-posts-container elementor-posts   elementor-grid elementor-posts--skin-custom\" data-settings=\"{&quot;current_page&quot;:1,&quot;max_num_pages&quot;:0,&quot;load_method&quot;:&quot;&quot;,&quot;widget_id&quot;:&quot;3536531e&quot;,&quot;post_id&quot;:11764,&quot;theme_id&quot;:11764,&quot;change_url&quot;:false,&quot;reinit_js&quot;:false}\">\n      <div class=\"elementor-posts-nothing-found\"><\/div>\t\t<\/div>\n\t\t\t\t\t\t<\/div>\n\t\t\t\t<\/div>\n\t\t\t\t<div class=\"elementor-element elementor-element-6fb9c861 elementor-widget elementor-widget-spacer\" data-id=\"6fb9c861\" data-element_type=\"widget\" data-widget_type=\"spacer.default\">\n\t\t\t\t<div class=\"elementor-widget-container\">\n\t\t\t\t\t\t\t<div class=\"elementor-spacer\">\n\t\t\t<div class=\"elementor-spacer-inner\"><\/div>\n\t\t<\/div>\n\t\t\t\t\t\t<\/div>\n\t\t\t\t<\/div>\n\t\t\t\t\t<\/div>\n\t\t<\/div>\n\t\t\t\t<div class=\"elementor-column elementor-col-33 elementor-top-column elementor-element elementor-element-8787c47\" data-id=\"8787c47\" data-element_type=\"column\">\n\t\t\t<div class=\"elementor-widget-wrap elementor-element-populated\">\n\t\t\t\t\t\t<section class=\"elementor-section elementor-inner-section elementor-element elementor-element-6040226d elementor-section-boxed elementor-section-height-default elementor-section-height-default\" data-id=\"6040226d\" data-element_type=\"section\">\n\t\t\t\t\t\t<div class=\"elementor-container elementor-column-gap-default\">\n\t\t\t\t\t<div class=\"elementor-column elementor-col-100 elementor-inner-column elementor-element elementor-element-23f3408e\" data-id=\"23f3408e\" data-element_type=\"column\" data-settings=\"{&quot;background_background&quot;:&quot;classic&quot;}\">\n\t\t\t<div class=\"elementor-widget-wrap elementor-element-populated\">\n\t\t\t\t\t\t<div class=\"elementor-element elementor-element-46eaa4a4 elementor-widget__width-auto elementor-widget elementor-widget-heading\" data-id=\"46eaa4a4\" data-element_type=\"widget\" data-widget_type=\"heading.default\">\n\t\t\t\t<div class=\"elementor-widget-container\">\n\t\t\t\t\t<h2 class=\"elementor-heading-title elementor-size-default\">Latest News<\/h2>\t\t\t\t<\/div>\n\t\t\t\t<\/div>\n\t\t\t\t\t<\/div>\n\t\t<\/div>\n\t\t\t\t\t<\/div>\n\t\t<\/section>\n\t\t\t\t<div class=\"elementor-element elementor-element-3b4511b1 elementor-grid-1 elementor-grid-tablet-1 elementor-posts--thumbnail-top elementor-grid-mobile-1 elementor-widget elementor-widget-posts\" data-id=\"3b4511b1\" data-element_type=\"widget\" data-settings=\"{&quot;custom_columns&quot;:&quot;1&quot;,&quot;custom_columns_tablet&quot;:&quot;1&quot;,&quot;custom_columns_mobile&quot;:&quot;1&quot;,&quot;custom_row_gap&quot;:{&quot;unit&quot;:&quot;px&quot;,&quot;size&quot;:35,&quot;sizes&quot;:[]},&quot;custom_row_gap_tablet&quot;:{&quot;unit&quot;:&quot;px&quot;,&quot;size&quot;:&quot;&quot;,&quot;sizes&quot;:[]},&quot;custom_row_gap_mobile&quot;:{&quot;unit&quot;:&quot;px&quot;,&quot;size&quot;:&quot;&quot;,&quot;sizes&quot;:[]}}\" data-widget_type=\"posts.custom\">\n\t\t\t\t<div class=\"elementor-widget-container\">\n\t\t\t\t\t      <div class=\"ecs-posts elementor-posts-container elementor-posts   elementor-grid elementor-posts--skin-custom\" data-settings=\"{&quot;current_page&quot;:1,&quot;max_num_pages&quot;:&quot;5&quot;,&quot;load_method&quot;:&quot;&quot;,&quot;widget_id&quot;:&quot;3b4511b1&quot;,&quot;post_id&quot;:11764,&quot;theme_id&quot;:11764,&quot;change_url&quot;:false,&quot;reinit_js&quot;:false}\">\n      \t\t<article id=\"post-80608\" class=\"elementor-post elementor-grid-item ecs-post-loop post-80608 appel_communication type-appel_communication status-publish has-post-thumbnail hentry thematiques-economie-et-gestion\">\n\t\t\t\t<div data-elementor-type=\"loop\" data-elementor-id=\"12184\" class=\"elementor elementor-12184 elementor-349 post-80608 appel_communication type-appel_communication status-publish has-post-thumbnail hentry thematiques-economie-et-gestion\" data-elementor-post-type=\"elementor_library\">\n\t\t\t<style>#post-80608 .elementor-12184 .elementor-element.elementor-element-c001464:not(.elementor-motion-effects-element-type-background), #post-80608 .elementor-12184 .elementor-element.elementor-element-c001464 > .elementor-motion-effects-container > .elementor-motion-effects-layer{background-image: url(\"https:\/\/fnege.org\/wp-content\/uploads\/2026\/04\/Capture-decran-2026-04-07-a-09.35.57.png\");}<\/style>\t\t<section class=\"elementor-section elementor-top-section elementor-element elementor-element-c001464 elementor-section-height-min-height elementor-section-items-stretch elementor-section-content-bottom encart elementor-section-boxed elementor-section-height-default\" data-id=\"c001464\" data-element_type=\"section\" data-settings=\"{&quot;background_background&quot;:&quot;classic&quot;}\">\n\t\t\t\t\t\t\t<div class=\"elementor-background-overlay\"><\/div>\n\t\t\t\t\t\t\t<div class=\"elementor-container elementor-column-gap-default\">\n\t\t\t\t\t<div class=\"make-column-clickable-elementor elementor-column elementor-col-100 elementor-top-column elementor-element elementor-element-9f2a3e8\" style=\"cursor: pointer;\" data-column-clickable=\"https:\/\/fnege.org\/en\/appel_communication\/colloque-international-innovation-et-transformations-organisationnelles-ito26\/\" data-column-clickable-blank=\"_self\" data-id=\"9f2a3e8\" data-element_type=\"column\" data-settings=\"{&quot;background_background&quot;:&quot;classic&quot;}\">\n\t\t\t<div class=\"elementor-widget-wrap elementor-element-populated\">\n\t\t\t\t\t<div class=\"elementor-background-overlay\"><\/div>\n\t\t\t\t<!-- dce invisible element 2ba5d71 --><!-- dce invisible element 4253d28 -->\t\t<div class=\"dce-visibility-event elementor-element elementor-element-857dabd elementor-widget__width-auto elementor-widget elementor-widget-post-info\" data-id=\"857dabd\" data-element_type=\"widget\" data-settings=\"{&quot;enabled_visibility&quot;:&quot;yes&quot;,&quot;dce_visibility_selected&quot;:&quot;yes&quot;}\" data-widget_type=\"post-info.default\">\n\t\t\t\t<div class=\"elementor-widget-container\">\n\t\t\t\t\t\t\t<ul class=\"elementor-inline-items elementor-icon-list-items elementor-post-info\">\n\t\t\t\t\t\t\t\t<li class=\"elementor-icon-list-item elementor-repeater-item-3e022af elementor-inline-item\">\n\t\t\t\t\t\t\t\t\t\t\t\t\t<span class=\"elementor-icon-list-text elementor-post-info__item elementor-post-info__item--type-custom\">\n\t\t\t\t\t\t\t\t\t\tCalls for papers\t\t\t\t\t<\/span>\n\t\t\t\t\t\t\t\t<\/li>\n\t\t\t\t<\/ul>\n\t\t\t\t\t\t<\/div>\n\t\t\t\t<\/div>\n\t\t<!-- dce invisible element 677e495 --><!-- dce invisible element c738335 --><!-- dce invisible element 4439d9b -->\t\t<div class=\"elementor-element elementor-element-6541b96 elementor-widget__width-auto elementor-widget elementor-widget-heading\" data-id=\"6541b96\" data-element_type=\"widget\" data-widget_type=\"heading.default\">\n\t\t\t\t<div class=\"elementor-widget-container\">\n\t\t\t\t\t<span class=\"elementor-heading-title elementor-size-default\">07 April 2026<\/span>\t\t\t\t<\/div>\n\t\t\t\t<\/div>\n\t\t\t\t<div class=\"elementor-element elementor-element-fcef835 elementor-widget elementor-widget-heading\" data-id=\"fcef835\" data-element_type=\"widget\" data-widget_type=\"heading.default\">\n\t\t\t\t<div class=\"elementor-widget-container\">\n\t\t\t\t\t<h3 class=\"elementor-heading-title elementor-size-default\">Colloque international : innovation et transformations organisationnelles (ITO&#8217;26)<\/h3>\t\t\t\t<\/div>\n\t\t\t\t<\/div>\n\t\t\t\t\t<\/div>\n\t\t<\/div>\n\t\t\t\t\t<\/div>\n\t\t<\/section>\n\t\t\t\t<\/div>\n\t\t\t\t<\/article>\n\t\t\t\t<article id=\"post-80574\" class=\"elementor-post elementor-grid-item ecs-post-loop post-80574 appel_communication type-appel_communication status-publish has-post-thumbnail hentry thematiques-entrepreneuriat-et-management-des-pme thematiques-innovation-et-entreprenariat\">\n\t\t\t\t<div data-elementor-type=\"loop\" data-elementor-id=\"12184\" class=\"elementor elementor-12184 elementor-349 post-80574 appel_communication type-appel_communication status-publish has-post-thumbnail hentry thematiques-entrepreneuriat-et-management-des-pme thematiques-innovation-et-entreprenariat\" data-elementor-post-type=\"elementor_library\">\n\t\t\t<style>#post-80574 .elementor-12184 .elementor-element.elementor-element-c001464:not(.elementor-motion-effects-element-type-background), #post-80574 .elementor-12184 .elementor-element.elementor-element-c001464 > .elementor-motion-effects-container > .elementor-motion-effects-layer{background-image: url(\"https:\/\/fnege.org\/wp-content\/uploads\/2026\/04\/LinkedIn-post-69ce58272a103-scaled.png\");}<\/style>\t\t<section class=\"elementor-section elementor-top-section elementor-element elementor-element-c001464 elementor-section-height-min-height elementor-section-items-stretch elementor-section-content-bottom encart elementor-section-boxed elementor-section-height-default\" data-id=\"c001464\" data-element_type=\"section\" data-settings=\"{&quot;background_background&quot;:&quot;classic&quot;}\">\n\t\t\t\t\t\t\t<div class=\"elementor-background-overlay\"><\/div>\n\t\t\t\t\t\t\t<div class=\"elementor-container elementor-column-gap-default\">\n\t\t\t\t\t<div class=\"make-column-clickable-elementor elementor-column elementor-col-100 elementor-top-column elementor-element elementor-element-9f2a3e8\" style=\"cursor: pointer;\" data-column-clickable=\"https:\/\/fnege.org\/en\/appel_communication\/15e-congres-de-lacademie-de-lentrepreneuriat-et-de-linnovation\/\" data-column-clickable-blank=\"_self\" data-id=\"9f2a3e8\" data-element_type=\"column\" data-settings=\"{&quot;background_background&quot;:&quot;classic&quot;}\">\n\t\t\t<div class=\"elementor-widget-wrap elementor-element-populated\">\n\t\t\t\t\t<div class=\"elementor-background-overlay\"><\/div>\n\t\t\t\t<!-- dce invisible element 2ba5d71 --><!-- dce invisible element 4253d28 -->\t\t<div class=\"dce-visibility-event elementor-element elementor-element-857dabd elementor-widget__width-auto elementor-widget elementor-widget-post-info\" data-id=\"857dabd\" data-element_type=\"widget\" data-settings=\"{&quot;enabled_visibility&quot;:&quot;yes&quot;,&quot;dce_visibility_selected&quot;:&quot;yes&quot;}\" data-widget_type=\"post-info.default\">\n\t\t\t\t<div class=\"elementor-widget-container\">\n\t\t\t\t\t\t\t<ul class=\"elementor-inline-items elementor-icon-list-items elementor-post-info\">\n\t\t\t\t\t\t\t\t<li class=\"elementor-icon-list-item elementor-repeater-item-3e022af elementor-inline-item\">\n\t\t\t\t\t\t\t\t\t\t\t\t\t<span class=\"elementor-icon-list-text elementor-post-info__item elementor-post-info__item--type-custom\">\n\t\t\t\t\t\t\t\t\t\tCalls for papers\t\t\t\t\t<\/span>\n\t\t\t\t\t\t\t\t<\/li>\n\t\t\t\t<\/ul>\n\t\t\t\t\t\t<\/div>\n\t\t\t\t<\/div>\n\t\t<!-- dce invisible element 677e495 --><!-- dce invisible element c738335 --><!-- dce invisible element 4439d9b -->\t\t<div class=\"elementor-element elementor-element-6541b96 elementor-widget__width-auto elementor-widget elementor-widget-heading\" data-id=\"6541b96\" data-element_type=\"widget\" data-widget_type=\"heading.default\">\n\t\t\t\t<div class=\"elementor-widget-container\">\n\t\t\t\t\t<span class=\"elementor-heading-title elementor-size-default\">03 April 2026<\/span>\t\t\t\t<\/div>\n\t\t\t\t<\/div>\n\t\t\t\t<div class=\"elementor-element elementor-element-fcef835 elementor-widget elementor-widget-heading\" data-id=\"fcef835\" data-element_type=\"widget\" data-widget_type=\"heading.default\">\n\t\t\t\t<div class=\"elementor-widget-container\">\n\t\t\t\t\t<h3 class=\"elementor-heading-title elementor-size-default\">15e congr\u00e8s de l&#8217;Acad\u00e9mie de l&#8217;Entrepreneuriat et de l&#8217;Innovation<\/h3>\t\t\t\t<\/div>\n\t\t\t\t<\/div>\n\t\t\t\t\t<\/div>\n\t\t<\/div>\n\t\t\t\t\t<\/div>\n\t\t<\/section>\n\t\t\t\t<\/div>\n\t\t\t\t<\/article>\n\t\t\t\t<article id=\"post-80571\" class=\"elementor-post elementor-grid-item ecs-post-loop post-80571 appel_communication type-appel_communication status-publish has-post-thumbnail hentry thematiques-management-strategique-et-organisation\">\n\t\t\t\t<div data-elementor-type=\"loop\" data-elementor-id=\"12184\" class=\"elementor elementor-12184 elementor-349 post-80571 appel_communication type-appel_communication status-publish has-post-thumbnail hentry thematiques-management-strategique-et-organisation\" data-elementor-post-type=\"elementor_library\">\n\t\t\t<style>#post-80571 .elementor-12184 .elementor-element.elementor-element-c001464:not(.elementor-motion-effects-element-type-background), #post-80571 .elementor-12184 .elementor-element.elementor-element-c001464 > .elementor-motion-effects-container > .elementor-motion-effects-layer{background-image: url(\"https:\/\/fnege.org\/wp-content\/uploads\/2026\/04\/Capture-decran-2026-04-03-a-09.32.00.png\");}<\/style>\t\t<section class=\"elementor-section elementor-top-section elementor-element elementor-element-c001464 elementor-section-height-min-height elementor-section-items-stretch elementor-section-content-bottom encart elementor-section-boxed elementor-section-height-default\" data-id=\"c001464\" data-element_type=\"section\" data-settings=\"{&quot;background_background&quot;:&quot;classic&quot;}\">\n\t\t\t\t\t\t\t<div class=\"elementor-background-overlay\"><\/div>\n\t\t\t\t\t\t\t<div class=\"elementor-container elementor-column-gap-default\">\n\t\t\t\t\t<div class=\"make-column-clickable-elementor elementor-column elementor-col-100 elementor-top-column elementor-element elementor-element-9f2a3e8\" style=\"cursor: pointer;\" data-column-clickable=\"https:\/\/fnege.org\/en\/appel_communication\/comment-les-organisations-se-reinventent-elles-a-lere-post-digitale\/\" data-column-clickable-blank=\"_self\" data-id=\"9f2a3e8\" data-element_type=\"column\" data-settings=\"{&quot;background_background&quot;:&quot;classic&quot;}\">\n\t\t\t<div class=\"elementor-widget-wrap elementor-element-populated\">\n\t\t\t\t\t<div class=\"elementor-background-overlay\"><\/div>\n\t\t\t\t<!-- dce invisible element 2ba5d71 --><!-- dce invisible element 4253d28 -->\t\t<div class=\"dce-visibility-event elementor-element elementor-element-857dabd elementor-widget__width-auto elementor-widget elementor-widget-post-info\" data-id=\"857dabd\" data-element_type=\"widget\" data-settings=\"{&quot;enabled_visibility&quot;:&quot;yes&quot;,&quot;dce_visibility_selected&quot;:&quot;yes&quot;}\" data-widget_type=\"post-info.default\">\n\t\t\t\t<div class=\"elementor-widget-container\">\n\t\t\t\t\t\t\t<ul class=\"elementor-inline-items elementor-icon-list-items elementor-post-info\">\n\t\t\t\t\t\t\t\t<li class=\"elementor-icon-list-item elementor-repeater-item-3e022af elementor-inline-item\">\n\t\t\t\t\t\t\t\t\t\t\t\t\t<span class=\"elementor-icon-list-text elementor-post-info__item elementor-post-info__item--type-custom\">\n\t\t\t\t\t\t\t\t\t\tCalls for papers\t\t\t\t\t<\/span>\n\t\t\t\t\t\t\t\t<\/li>\n\t\t\t\t<\/ul>\n\t\t\t\t\t\t<\/div>\n\t\t\t\t<\/div>\n\t\t<!-- dce invisible element 677e495 --><!-- dce invisible element c738335 --><!-- dce invisible element 4439d9b -->\t\t<div class=\"elementor-element elementor-element-6541b96 elementor-widget__width-auto elementor-widget elementor-widget-heading\" data-id=\"6541b96\" data-element_type=\"widget\" data-widget_type=\"heading.default\">\n\t\t\t\t<div class=\"elementor-widget-container\">\n\t\t\t\t\t<span class=\"elementor-heading-title elementor-size-default\">03 April 2026<\/span>\t\t\t\t<\/div>\n\t\t\t\t<\/div>\n\t\t\t\t<div class=\"elementor-element elementor-element-fcef835 elementor-widget elementor-widget-heading\" data-id=\"fcef835\" data-element_type=\"widget\" data-widget_type=\"heading.default\">\n\t\t\t\t<div class=\"elementor-widget-container\">\n\t\t\t\t\t<h3 class=\"elementor-heading-title elementor-size-default\">Comment les organisations se r\u00e9inventent-elles \u00e0 l&#8217;\u00e8re post-digitale ?<\/h3>\t\t\t\t<\/div>\n\t\t\t\t<\/div>\n\t\t\t\t\t<\/div>\n\t\t<\/div>\n\t\t\t\t\t<\/div>\n\t\t<\/section>\n\t\t\t\t<\/div>\n\t\t\t\t<\/article>\n\t\t\t\t<\/div>\n\t\t\t\t\t\t<\/div>\n\t\t\t\t<\/div>\n\t\t\t\t\t<\/div>\n\t\t<\/div>\n\t\t\t\t\t<\/div>\n\t\t<\/section>\n\t\t\t\t<section class=\"elementor-section elementor-top-section elementor-element elementor-element-1ddd212f elementor-section-boxed elementor-section-height-default elementor-section-height-default\" data-id=\"1ddd212f\" data-element_type=\"section\">\n\t\t\t\t\t\t<div class=\"elementor-container elementor-column-gap-default\">\n\t\t\t\t\t<div class=\"elementor-column elementor-col-100 elementor-top-column elementor-element elementor-element-4f70e9bb\" data-id=\"4f70e9bb\" data-element_type=\"column\">\n\t\t\t<div class=\"elementor-widget-wrap\">\n\t\t\t\t\t\t\t<\/div>\n\t\t<\/div>\n\t\t\t\t\t<\/div>\n\t\t<\/section>\n\t\t\t\t<\/div>\n\t\t","protected":false},"excerpt":{"rendered":"<p>The FNEGE Business Club brings together companies and organizations that are interested in management science teaching and research in France. The FNEGE Business Club is a think tank for management teaching and research. It constitutes a place for discussion and cooperation between the business world and the academic world. The aim of the Club is [&hellip;]<\/p>\n","protected":false},"author":2,"featured_media":0,"parent":0,"menu_order":0,"comment_status":"closed","ping_status":"open","template":"","meta":{"_acf_changed":false,"inline_featured_image":false,"footnotes":""},"class_list":["post-11764","page","type-page","status-publish","hentry"],"acf":[],"publishpress_future_action":{"enabled":false,"date":"2026-04-17 07:05:41","action":"change-status","newStatus":"draft","terms":[],"taxonomy":"translation_priority","extraData":[]},"publishpress_future_workflow_manual_trigger":{"enabledWorkflows":[]},"_links":{"self":[{"href":"https:\/\/fnege.org\/en\/wp-json\/wp\/v2\/pages\/11764","targetHints":{"allow":["GET"]}}],"collection":[{"href":"https:\/\/fnege.org\/en\/wp-json\/wp\/v2\/pages"}],"about":[{"href":"https:\/\/fnege.org\/en\/wp-json\/wp\/v2\/types\/page"}],"author":[{"embeddable":true,"href":"https:\/\/fnege.org\/en\/wp-json\/wp\/v2\/users\/2"}],"replies":[{"embeddable":true,"href":"https:\/\/fnege.org\/en\/wp-json\/wp\/v2\/comments?post=11764"}],"version-history":[{"count":3,"href":"https:\/\/fnege.org\/en\/wp-json\/wp\/v2\/pages\/11764\/revisions"}],"predecessor-version":[{"id":75705,"href":"https:\/\/fnege.org\/en\/wp-json\/wp\/v2\/pages\/11764\/revisions\/75705"}],"wp:attachment":[{"href":"https:\/\/fnege.org\/en\/wp-json\/wp\/v2\/media?parent=11764"}],"curies":[{"name":"wp","href":"https:\/\/api.w.org\/{rel}","templated":true}]}}